{"id":29402,"date":"2020-09-30T12:42:15","date_gmt":"2020-09-30T12:42:15","guid":{"rendered":"https:\/\/the7.io\/elementor-main\/?page_id=14"},"modified":"2021-06-06T15:24:49","modified_gmt":"2021-06-06T15:24:49","slug":"pages-2","status":"publish","type":"page","link":"https:\/\/www.zinerexpress.com\/index.php\/pages-2\/","title":{"rendered":"Servicio Integral"},"content":{"rendered":"\t\t<div data-elementor-type=\"wp-page\" data-elementor-id=\"29402\" class=\"elementor elementor-29402\" data-elementor-settings=\"[]\">\n\t\t\t\t\t\t\t<div class=\"elementor-section-wrap\">\n\t\t\t\t\t\t\t<section class=\"elementor-section elementor-top-section elementor-element elementor-element-7f50e0de elementor-section-content-middle elementor-section-boxed elementor-section-height-default elementor-section-height-default\" data-id=\"7f50e0de\" data-element_type=\"section\" data-settings=\"{&quot;background_background&quot;:&quot;classic&quot;}\">\n\t\t\t\t\t\t<div class=\"elementor-container elementor-column-gap-wider\">\n\t\t\t\t\t<div class=\"elementor-column elementor-col-50 elementor-top-column elementor-element elementor-element-2ae7dd6a\" data-id=\"2ae7dd6a\" data-element_type=\"column\">\n\t\t\t<div class=\"elementor-widget-wrap elementor-element-populated\">\n\t\t\t\t\t\t\t\t<div class=\"elementor-element elementor-element-dd469e8 elementor-widget elementor-widget-spacer\" data-id=\"dd469e8\" data-element_type=\"widget\" data-widget_type=\"spacer.default\">\n\t\t\t\t<div class=\"elementor-widget-container\">\n\t\t\t\t\t<div class=\"elementor-spacer\">\n\t\t\t<div class=\"elementor-spacer-inner\"><\/div>\n\t\t<\/div>\n\t\t\t\t<\/div>\n\t\t\t\t<\/div>\n\t\t\t\t<div class=\"elementor-element elementor-element-5a1ef40 elementor-widget elementor-widget-heading\" data-id=\"5a1ef40\" data-element_type=\"widget\" data-widget_type=\"heading.default\">\n\t\t\t\t<div class=\"elementor-widget-container\">\n\t\t\t<h2 class=\"elementor-heading-title elementor-size-default\">Servicio Integral<\/h2>\t\t<\/div>\n\t\t\t\t<\/div>\n\t\t\t\t<div class=\"elementor-element elementor-element-2d717031 elementor-widget elementor-widget-text-editor\" data-id=\"2d717031\" data-element_type=\"widget\" data-widget_type=\"text-editor.default\">\n\t\t\t\t<div class=\"elementor-widget-container\">\n\t\t\t\t\t\t\t<p>Somos una empresa que se adapta a las necesidades de cada uno de nuestros clientes, ofreci\u00e9ndote soluciones para todo tipo de expositores.<\/p><p><br \/>Te ofrecemos todo lo que necesitas para crear tu expositor a medida.<\/p><ul><li>Dise\u00f1o 3D<\/li><li>Asesoramiento comercial t\u00e9cnico<\/li><li>Producci\u00f3n ilimitada<\/li><li>Embalajes a medida<\/li><li>Colocaci\u00f3n de producto acabado<\/li><li>Manipulaciones especiales<\/li><li>Logistica\/Piking<\/li><li>Almacenamiento<\/li><\/ul>\t\t\t\t\t\t<\/div>\n\t\t\t\t<\/div>\n\t\t\t\t<div class=\"elementor-element elementor-element-78cf6c0 elementor-align-right elementor-widget elementor-widget-button\" data-id=\"78cf6c0\" data-element_type=\"widget\" data-widget_type=\"button.default\">\n\t\t\t\t<div class=\"elementor-widget-container\">\n\t\t\t\t\t<div class=\"elementor-button-wrapper\">\n\t\t\t<a href=\"https:\/\/www.zinerexpress.com\/index.php\/pages\/\" class=\"elementor-button-link elementor-button elementor-size-md\" role=\"button\">\n\t\t\t\t\t\t<span class=\"elementor-button-content-wrapper\">\n\t\t\t\t\t\t<span class=\"elementor-button-text\">Descubre nuestros Proyectos<\/span>\n\t\t<\/span>\n\t\t\t\t\t<\/a>\n\t\t<\/div>\n\t\t\t\t<\/div>\n\t\t\t\t<\/div>\n\t\t\t\t\t<\/div>\n\t\t<\/div>\n\t\t\t\t<div class=\"elementor-column elementor-col-50 elementor-top-column elementor-element elementor-element-461fc62\" data-id=\"461fc62\" data-element_type=\"column\">\n\t\t\t<div class=\"elementor-widget-wrap elementor-element-populated\">\n\t\t\t\t\t\t\t\t<div class=\"elementor-element elementor-element-c720aee elementor-widget elementor-widget-spacer\" data-id=\"c720aee\" data-element_type=\"widget\" data-widget_type=\"spacer.default\">\n\t\t\t\t<div class=\"elementor-widget-container\">\n\t\t\t\t\t<div class=\"elementor-spacer\">\n\t\t\t<div class=\"elementor-spacer-inner\"><\/div>\n\t\t<\/div>\n\t\t\t\t<\/div>\n\t\t\t\t<\/div>\n\t\t\t\t<div class=\"elementor-element elementor-element-35b3ffc elementor-widget elementor-widget-image\" data-id=\"35b3ffc\" data-element_type=\"widget\" data-widget_type=\"image.default\">\n\t\t\t\t<div class=\"elementor-widget-container\">\n\t\t\t\t\t\t\t\t\t\t\t\t\t\t\t<img loading=\"lazy\" decoding=\"async\" width=\"300\" height=\"200\" src=\"image\/svg+xml;charset=utf-8,%3Csvg xmlns%3D'http%3A%2F%2Fwww.w3.org%2F2000%2Fsvg' viewBox%3D'0 0 300 200'%2F%3E\" data-src=\"https:\/\/www.zinerexpress.com\/wp-content\/uploads\/2021\/04\/b-beautiful-female-office-worker-carrying-out-administrative-work-for-company-300x200.jpg\" class=\"lazy-load attachment-medium size-medium\" alt=\"\" data-srcset=\"https:\/\/www.zinerexpress.com\/wp-content\/uploads\/2021\/04\/b-beautiful-female-office-worker-carrying-out-administrative-work-for-company-300x200.jpg 300w, https:\/\/www.zinerexpress.com\/wp-content\/uploads\/2021\/04\/b-beautiful-female-office-worker-carrying-out-administrative-work-for-company-600x400.jpg 600w, https:\/\/www.zinerexpress.com\/wp-content\/uploads\/2021\/04\/b-beautiful-female-office-worker-carrying-out-administrative-work-for-company.jpg 650w\" sizes=\"auto, (max-width: 300px) 100vw, 300px\" \/>\t\t\t\t\t\t\t\t\t\t\t\t\t\t\t<\/div>\n\t\t\t\t<\/div>\n\t\t\t\t<div class=\"elementor-element elementor-element-3bc9debf elementor-widget elementor-widget-image\" data-id=\"3bc9debf\" data-element_type=\"widget\" data-widget_type=\"image.default\">\n\t\t\t\t<div class=\"elementor-widget-container\">\n\t\t\t\t\t\t\t\t\t\t\t\t\t\t\t<img loading=\"lazy\" decoding=\"async\" width=\"650\" height=\"433\" src=\"https:\/\/www.zinerexpress.com\/wp-content\/uploads\/2021\/04\/b-beautiful-female-office-worker-carrying-out-administrative-work-for-company.jpg\" class=\"attachment-large size-large\" alt=\"\" srcset=\"https:\/\/www.zinerexpress.com\/wp-content\/uploads\/2021\/04\/b-beautiful-female-office-worker-carrying-out-administrative-work-for-company.jpg 650w, https:\/\/www.zinerexpress.com\/wp-content\/uploads\/2021\/04\/b-beautiful-female-office-worker-carrying-out-administrative-work-for-company-300x200.jpg 300w, https:\/\/www.zinerexpress.com\/wp-content\/uploads\/2021\/04\/b-beautiful-female-office-worker-carrying-out-administrative-work-for-company-600x400.jpg 600w\" sizes=\"auto, (max-width: 650px) 100vw, 650px\" \/>\t\t\t\t\t\t\t\t\t\t\t\t\t\t\t<\/div>\n\t\t\t\t<\/div>\n\t\t\t\t\t<\/div>\n\t\t<\/div>\n\t\t\t\t\t\t\t<\/div>\n\t\t<\/section>\n\t\t\t\t<section class=\"elementor-section elementor-top-section elementor-element elementor-element-15e84dcc elementor-section-boxed elementor-section-height-default elementor-section-height-default\" data-id=\"15e84dcc\" data-element_type=\"section\" data-settings=\"{&quot;background_background&quot;:&quot;classic&quot;}\">\n\t\t\t\t\t\t<div class=\"elementor-container elementor-column-gap-no\">\n\t\t\t\t\t<div class=\"elementor-column elementor-col-100 elementor-top-column elementor-element elementor-element-14c6a990\" data-id=\"14c6a990\" data-element_type=\"column\">\n\t\t\t<div class=\"elementor-widget-wrap elementor-element-populated\">\n\t\t\t\t\t\t\t\t<section class=\"elementor-section elementor-inner-section elementor-element elementor-element-7b3f1776 elementor-section-boxed elementor-section-height-default elementor-section-height-default\" data-id=\"7b3f1776\" data-element_type=\"section\">\n\t\t\t\t\t\t<div class=\"elementor-container elementor-column-gap-wider\">\n\t\t\t\t\t<div class=\"elementor-column elementor-col-33 elementor-inner-column elementor-element elementor-element-2da0f110\" data-id=\"2da0f110\" data-element_type=\"column\">\n\t\t\t<div class=\"elementor-widget-wrap elementor-element-populated\">\n\t\t\t\t\t\t\t\t<div class=\"elementor-element elementor-element-58c1d5b elementor-widget elementor-widget-image\" data-id=\"58c1d5b\" data-element_type=\"widget\" data-widget_type=\"image.default\">\n\t\t\t\t<div class=\"elementor-widget-container\">\n\t\t\t\t\t\t\t\t\t\t\t\t\t\t\t<img loading=\"lazy\" decoding=\"async\" width=\"1000\" height=\"667\" src=\"https:\/\/www.zinerexpress.com\/wp-content\/uploads\/2021\/03\/young-woman-using-plotter-1.jpg\" class=\"attachment-large size-large\" alt=\"\" srcset=\"https:\/\/www.zinerexpress.com\/wp-content\/uploads\/2021\/03\/young-woman-using-plotter-1.jpg 1000w, https:\/\/www.zinerexpress.com\/wp-content\/uploads\/2021\/03\/young-woman-using-plotter-1-300x200.jpg 300w, https:\/\/www.zinerexpress.com\/wp-content\/uploads\/2021\/03\/young-woman-using-plotter-1-768x512.jpg 768w, https:\/\/www.zinerexpress.com\/wp-content\/uploads\/2021\/03\/young-woman-using-plotter-1-600x400.jpg 600w\" sizes=\"auto, (max-width: 1000px) 100vw, 1000px\" \/>\t\t\t\t\t\t\t\t\t\t\t\t\t\t\t<\/div>\n\t\t\t\t<\/div>\n\t\t\t\t\t<\/div>\n\t\t<\/div>\n\t\t\t\t<div class=\"elementor-column elementor-col-33 elementor-inner-column elementor-element elementor-element-1965400e\" data-id=\"1965400e\" data-element_type=\"column\">\n\t\t\t<div class=\"elementor-widget-wrap elementor-element-populated\">\n\t\t\t\t\t\t\t\t<div class=\"elementor-element elementor-element-224eaaa1 elementor-view-stacked elementor-shape-square elementor-vertical-align-middle elementor-position-top elementor-widget elementor-widget-icon-box\" data-id=\"224eaaa1\" data-element_type=\"widget\" data-widget_type=\"icon-box.default\">\n\t\t\t\t<div class=\"elementor-widget-container\">\n\t\t\t\t\t<div class=\"elementor-icon-box-wrapper\">\n\t\t\t\t\t\t<div class=\"elementor-icon-box-icon\">\n\t\t\t\t<span class=\"elementor-icon elementor-animation-\" >\n\t\t\t\t<i aria-hidden=\"true\" class=\"fas fa-industry\"><\/i>\t\t\t\t<\/span>\n\t\t\t<\/div>\n\t\t\t\t\t\t<div class=\"elementor-icon-box-content\">\n\t\t\t\t<h4 class=\"elementor-icon-box-title\">\n\t\t\t\t\t<span  >\n\t\t\t\t\t\tProducci\u00f3n\t\t\t\t\t<\/span>\n\t\t\t\t<\/h4>\n\t\t\t\t\t\t\t\t\t<p class=\"elementor-icon-box-description\">\n\t\t\t\t\t\tTenemos una capacidad productiva ilimitada, gracias a nuestro amplio abanico de proveedores.<br><br>Nuestro departamento de Calidad esta presente durante todo el proceso de fabricaci\u00f3n.\t\t\t\t\t<\/p>\n\t\t\t\t\t\t\t<\/div>\n\t\t<\/div>\n\t\t\t\t<\/div>\n\t\t\t\t<\/div>\n\t\t\t\t\t<\/div>\n\t\t<\/div>\n\t\t\t\t<div class=\"elementor-column elementor-col-33 elementor-inner-column elementor-element elementor-element-70dd4a56\" data-id=\"70dd4a56\" data-element_type=\"column\">\n\t\t\t<div class=\"elementor-widget-wrap elementor-element-populated\">\n\t\t\t\t\t\t\t\t<div class=\"elementor-element elementor-element-7dd1501 elementor-view-stacked elementor-shape-square elementor-vertical-align-middle elementor-position-top elementor-widget elementor-widget-icon-box\" data-id=\"7dd1501\" data-element_type=\"widget\" data-widget_type=\"icon-box.default\">\n\t\t\t\t<div class=\"elementor-widget-container\">\n\t\t\t\t\t<div class=\"elementor-icon-box-wrapper\">\n\t\t\t\t\t\t<div class=\"elementor-icon-box-icon\">\n\t\t\t\t<span class=\"elementor-icon elementor-animation-\" >\n\t\t\t\t<i aria-hidden=\"true\" class=\"fas fa-cogs\"><\/i>\t\t\t\t<\/span>\n\t\t\t<\/div>\n\t\t\t\t\t\t<div class=\"elementor-icon-box-content\">\n\t\t\t\t<h4 class=\"elementor-icon-box-title\">\n\t\t\t\t\t<span  >\n\t\t\t\t\t\tProcesos de transformaci\u00f3n\t\t\t\t\t<\/span>\n\t\t\t\t<\/h4>\n\t\t\t\t\t\t\t\t\t<p class=\"elementor-icon-box-description\">\n\t\t\t\t\t\tSoldadura por punto y TIC-MIG<br>Plegadora<br>Cizalla<br>Curvadora de tubo<br>Termo conformados<br>Punzonado de chapa<br>Fesadora<br>Laser\u2026\t\t\t\t\t<\/p>\n\t\t\t\t\t\t\t<\/div>\n\t\t<\/div>\n\t\t\t\t<\/div>\n\t\t\t\t<\/div>\n\t\t\t\t\t<\/div>\n\t\t<\/div>\n\t\t\t\t\t\t\t<\/div>\n\t\t<\/section>\n\t\t\t\t<section class=\"elementor-section elementor-inner-section elementor-element elementor-element-6dc972a3 elementor-section-boxed elementor-section-height-default elementor-section-height-default\" data-id=\"6dc972a3\" data-element_type=\"section\">\n\t\t\t\t\t\t<div class=\"elementor-container elementor-column-gap-wider\">\n\t\t\t\t\t<div class=\"elementor-column elementor-col-33 elementor-inner-column elementor-element elementor-element-1acd9967\" data-id=\"1acd9967\" data-element_type=\"column\">\n\t\t\t<div class=\"elementor-widget-wrap\">\n\t\t\t\t\t\t\t\t\t<\/div>\n\t\t<\/div>\n\t\t\t\t<div class=\"elementor-column elementor-col-33 elementor-inner-column elementor-element elementor-element-1ac98e52\" data-id=\"1ac98e52\" data-element_type=\"column\">\n\t\t\t<div class=\"elementor-widget-wrap elementor-element-populated\">\n\t\t\t\t\t\t\t\t<div class=\"elementor-element elementor-element-1a4dc759 elementor-view-stacked elementor-shape-square elementor-vertical-align-middle elementor-position-top elementor-widget elementor-widget-icon-box\" data-id=\"1a4dc759\" data-element_type=\"widget\" data-widget_type=\"icon-box.default\">\n\t\t\t\t<div class=\"elementor-widget-container\">\n\t\t\t\t\t<div class=\"elementor-icon-box-wrapper\">\n\t\t\t\t\t\t<div class=\"elementor-icon-box-icon\">\n\t\t\t\t<span class=\"elementor-icon elementor-animation-\" >\n\t\t\t\t<i aria-hidden=\"true\" class=\"far fa-circle\"><\/i>\t\t\t\t<\/span>\n\t\t\t<\/div>\n\t\t\t\t\t\t<div class=\"elementor-icon-box-content\">\n\t\t\t\t<h4 class=\"elementor-icon-box-title\">\n\t\t\t\t\t<span  >\n\t\t\t\t\t\tMateriales\t\t\t\t\t<\/span>\n\t\t\t\t<\/h4>\n\t\t\t\t\t\t\t\t\t<p class=\"elementor-icon-box-description\">\n\t\t\t\t\t\tMetacrilato<br>Metal<br>Madera <br>PS<br>Cart\u00f3n<br>etc...\t\t\t\t\t<\/p>\n\t\t\t\t\t\t\t<\/div>\n\t\t<\/div>\n\t\t\t\t<\/div>\n\t\t\t\t<\/div>\n\t\t\t\t\t<\/div>\n\t\t<\/div>\n\t\t\t\t<div class=\"elementor-column elementor-col-33 elementor-inner-column elementor-element elementor-element-6e788ab5\" data-id=\"6e788ab5\" data-element_type=\"column\">\n\t\t\t<div class=\"elementor-widget-wrap elementor-element-populated\">\n\t\t\t\t\t\t\t\t<div class=\"elementor-element elementor-element-51a6e5e7 elementor-view-stacked elementor-shape-square elementor-vertical-align-middle elementor-position-top elementor-widget elementor-widget-icon-box\" data-id=\"51a6e5e7\" data-element_type=\"widget\" data-widget_type=\"icon-box.default\">\n\t\t\t\t<div class=\"elementor-widget-container\">\n\t\t\t\t\t<div class=\"elementor-icon-box-wrapper\">\n\t\t\t\t\t\t<div class=\"elementor-icon-box-icon\">\n\t\t\t\t<span class=\"elementor-icon elementor-animation-\" >\n\t\t\t\t<i aria-hidden=\"true\" class=\"fas fa-print\"><\/i>\t\t\t\t<\/span>\n\t\t\t<\/div>\n\t\t\t\t\t\t<div class=\"elementor-icon-box-content\">\n\t\t\t\t<h4 class=\"elementor-icon-box-title\">\n\t\t\t\t\t<span  >\n\t\t\t\t\t\tImpresi\u00f3n\t\t\t\t\t<\/span>\n\t\t\t\t<\/h4>\n\t\t\t\t\t\t\t\t\t<p class=\"elementor-icon-box-description\">\n\t\t\t\t\t\tSerigraf\u00eda<br>Offset<br>Vinilos<br>Plotters digitales<br>Impresi\u00f3n Digital<br>etc...\t\t\t\t\t<\/p>\n\t\t\t\t\t\t\t<\/div>\n\t\t<\/div>\n\t\t\t\t<\/div>\n\t\t\t\t<\/div>\n\t\t\t\t\t<\/div>\n\t\t<\/div>\n\t\t\t\t\t\t\t<\/div>\n\t\t<\/section>\n\t\t\t\t\t<\/div>\n\t\t<\/div>\n\t\t\t\t\t\t\t<\/div>\n\t\t<\/section>\n\t\t\t\t\t\t<\/div>\n\t\t\t\t\t<\/div>\n\t\t","protected":false},"excerpt":{"rendered":"<p>Servicio Integral Somos una empresa que se adapta a las necesidades de cada uno de nuestros clientes, ofreci\u00e9ndote soluciones para todo tipo de expositores. Te ofrecemos todo lo que necesitas para crear tu expositor a medida. Dise\u00f1o 3D Asesoramiento comercial t\u00e9cnico Producci\u00f3n ilimitada Embalajes a medida Colocaci\u00f3n de producto acabado Manipulaciones especiales Logistica\/Piking Almacenamiento Descubre&hellip;<\/p>\n","protected":false},"author":1,"featured_media":0,"parent":0,"menu_order":50,"comment_status":"closed","ping_status":"closed","template":"elementor_header_footer","meta":{"footnotes":""},"class_list":["post-29402","page","type-page","status-publish","hentry","description-off"],"_links":{"self":[{"href":"https:\/\/www.zinerexpress.com\/index.php\/wp-json\/wp\/v2\/pages\/29402","targetHints":{"allow":["GET"]}}],"collection":[{"href":"https:\/\/www.zinerexpress.com\/index.php\/wp-json\/wp\/v2\/pages"}],"about":[{"href":"https:\/\/www.zinerexpress.com\/index.php\/wp-json\/wp\/v2\/types\/page"}],"author":[{"embeddable":true,"href":"https:\/\/www.zinerexpress.com\/index.php\/wp-json\/wp\/v2\/users\/1"}],"replies":[{"embeddable":true,"href":"https:\/\/www.zinerexpress.com\/index.php\/wp-json\/wp\/v2\/comments?post=29402"}],"version-history":[{"count":32,"href":"https:\/\/www.zinerexpress.com\/index.php\/wp-json\/wp\/v2\/pages\/29402\/revisions"}],"predecessor-version":[{"id":29753,"href":"https:\/\/www.zinerexpress.com\/index.php\/wp-json\/wp\/v2\/pages\/29402\/revisions\/29753"}],"wp:attachment":[{"href":"https:\/\/www.zinerexpress.com\/index.php\/wp-json\/wp\/v2\/media?parent=29402"}],"curies":[{"name":"wp","href":"https:\/\/api.w.org\/{rel}","templated":true}]}}